{"id":2,"date":"2015-02-19T04:39:32","date_gmt":"2015-02-19T04:39:33","guid":{"rendered":"http:\/\/localhost:8080\/wordpress-4.1.1\/wordpress\/?page_id=2"},"modified":"2021-07-20T18:34:50","modified_gmt":"2021-07-20T16:34:50","slug":"sample-page","status":"publish","type":"page","link":"https:\/\/mittlinger.at\/w\/","title":{"rendered":"karl mittlinger"},"content":{"rendered":"<p style=\"text-align: left;\">geb. 1947 in hinterwald, gemeinde hartl, pfarre kaindorf bei hartberg, oststeiermark; studium der theologie und der pastoralpsychologie, mag. theol.; verheiratet mit mathilde, zwei kinder; 1971 referent f\u00fcr kirchliche erwachsenenbildung, 1974 &#8211; 1979 gesch\u00e4ftsf\u00fchrer des kath. bildungswerkes in der steiermark, 1979 &#8211; 2007 direktor des bildungshauses graz-mariatrost; seit 1. mai 2010 in pension; freier bildungsreferent, leiter von schreibwerkst\u00e4tten f\u00fcr kreatives schreiben (seit 1986), vorstandsmitglied im verein fr\u00fchjahrsakademie stift vorau; nachlass-verwalter f\u00fcr martin gutl<\/p>\n<p><a href=\"http:\/\/mittlinger.at\/w\/wp-content\/uploads\/2015\/02\/Fische_blauerR_klein.jpg\"><img loading=\"lazy\" decoding=\"async\" class=\" wp-image-10 aligncenter\" src=\"http:\/\/mittlinger.at\/w\/wp-content\/uploads\/2015\/02\/Fische_blauerR_klein.jpg\" alt=\"Fische_blauerR_klein\" width=\"131\" height=\"163\" \/><\/a><\/p>\n<p style=\"text-align: left; background: white;\"><span style=\"font-size: 9.0pt; font-family: 'Verdana','sans-serif'; color: black;\">die zeichnung f\u00fcr das logo stammt von anselm stalder, bern.\u00a0<\/span><span style=\"color: black; font-family: Verdana, sans-serif; font-size: 9pt; line-height: 1.5;\">sie ist dem buchcover meines gedichtbandes &#8222;unter dem eis \u00fcberleben die fische&#8220; entnommen.<\/span><\/p>\n","protected":false},"excerpt":{"rendered":"<p>geb. 1947 in hinterwald, gemeinde hartl, pfarre kaindorf bei hartberg, oststeiermark; studium der theologie und der pastoralpsychologie, mag. theol.; verheiratet mit mathilde, zwei kinder; 1971 referent f\u00fcr kirchliche erwachsenenbildung, 1974 &#8211; 1979 gesch\u00e4ftsf\u00fchrer des kath. bildungswerkes in der steiermark, 1979 &#8211; 2007 direktor des bildungshauses graz-mariatrost; seit 1. mai 2010 in pension; freier bildungsreferent, leiter &hellip; <a href=\"https:\/\/mittlinger.at\/w\/\" class=\"more-link\"><span class=\"screen-reader-text\">karl mittlinger<\/span> weiterlesen <span class=\"meta-nav\">&rarr;<\/span><\/a><\/p>\n","protected":false},"author":1,"featured_media":340,"parent":0,"menu_order":0,"comment_status":"closed","ping_status":"closed","template":"","meta":{"footnotes":""},"class_list":["post-2","page","type-page","status-publish","has-post-thumbnail","hentry"],"_links":{"self":[{"href":"https:\/\/mittlinger.at\/w\/index.php?rest_route=\/wp\/v2\/pages\/2","targetHints":{"allow":["GET"]}}],"collection":[{"href":"https:\/\/mittlinger.at\/w\/index.php?rest_route=\/wp\/v2\/pages"}],"about":[{"href":"https:\/\/mittlinger.at\/w\/index.php?rest_route=\/wp\/v2\/types\/page"}],"author":[{"embeddable":true,"href":"https:\/\/mittlinger.at\/w\/index.php?rest_route=\/wp\/v2\/users\/1"}],"replies":[{"embeddable":true,"href":"https:\/\/mittlinger.at\/w\/index.php?rest_route=%2Fwp%2Fv2%2Fcomments&post=2"}],"version-history":[{"count":24,"href":"https:\/\/mittlinger.at\/w\/index.php?rest_route=\/wp\/v2\/pages\/2\/revisions"}],"predecessor-version":[{"id":583,"href":"https:\/\/mittlinger.at\/w\/index.php?rest_route=\/wp\/v2\/pages\/2\/revisions\/583"}],"wp:featuredmedia":[{"embeddable":true,"href":"https:\/\/mittlinger.at\/w\/index.php?rest_route=\/wp\/v2\/media\/340"}],"wp:attachment":[{"href":"https:\/\/mittlinger.at\/w\/index.php?rest_route=%2Fwp%2Fv2%2Fmedia&parent=2"}],"curies":[{"name":"wp","href":"https:\/\/api.w.org\/{rel}","templated":true}]}}